{"id":2126,"date":"2024-10-30T10:51:56","date_gmt":"2024-10-30T09:51:56","guid":{"rendered":"https:\/\/ekipevent.com\/condizioni-generali-di-noleggio\/"},"modified":"2025-12-10T13:47:45","modified_gmt":"2025-12-10T12:47:45","slug":"condizioni-generali-di-noleggio","status":"publish","type":"page","link":"https:\/\/ekipevent.com\/it\/condizioni-generali-di-noleggio\/","title":{"rendered":"Condizioni Generali di Noleggio"},"content":{"rendered":"\t\t<div data-elementor-type=\"wp-page\" data-elementor-id=\"2126\" class=\"elementor elementor-2126 elementor-1078\" data-elementor-post-type=\"page\">\n\t\t\t\t<div class=\"elementor-element elementor-element-bc772ef e-flex e-con-boxed e-con e-parent\" data-id=\"bc772ef\" data-element_type=\"container\" data-e-type=\"container\">\n\t\t\t\t\t<div class=\"e-con-inner\">\n\t\t\t\t<div class=\"elementor-element elementor-element-a118d70 elementor-widget elementor-widget-text-editor\" data-id=\"a118d70\" data-element_type=\"widget\" data-e-type=\"widget\" data-widget_type=\"text-editor.default\">\n\t\t\t\t<div class=\"elementor-widget-container\">\n\t\t\t\t\t\t\t\t\t<p>Condizioni Generali di Noleggio di Arredi per Eventi, attrezzature audio, video, illuminazione ed effetti di Ekip Event, marchio di Ekip &amp; Co Suisse S\u00e0rl<\/p><p><strong>1. Oggetto del noleggio<\/strong><br>Le presenti condizioni generali regolano il noleggio di arredi per eventi e attrezzature audiovisive (di seguito denominati \u201ci beni\u201d) tra Ekip &amp; Co Suisse S\u00e0rl, Zona Industriale Le Tr\u00e9si 9B, 1028 Pr\u00e9verenges (IDE : CHE-337-198.837) (di seguito denominata \u201cil Locatore\u201d) e il cliente (di seguito denominato \u201cil Locatario\u201d).<\/p><p><strong>2. Prenotazione<\/strong><br>La prenotazione dei beni deve essere effettuata per iscritto, via e-mail o tramite il nostro sito web. \u00c8 richiesto un acconto dal 20 al 50% dell&#8217;importo totale per confermare la prenotazione. <\/p><p><strong>3. Durata del noleggio<\/strong><br>La durata del noleggio \u00e8 specificata nel preventivo che funger\u00e0 da contratto di noleggio se accettato dal cliente. Qualsiasi prolungamento del periodo di noleggio deve essere concordato per iscritto con il Locatore e pu\u00f2 comportare costi aggiuntivi. <\/p><p><strong>4. Consegna, installazione e restituzione<\/strong><br>Il Locatore si impegna a consegnare e installare i beni in buono stato di funzionamento all&#8217;indirizzo concordato con il Locatario. I costi di consegna e installazione saranno specificati nel preventivo. Il Locatario deve assicurarsi che l&#8217;accesso al luogo sia adeguato per la consegna. Il Locatario \u00e8 tenuto a restituire i beni all&#8217;indirizzo e alla data concordati con il Locatore, nello stesso stato in cui sono stati consegnati, ad eccezione della normale usura.   <\/p><p><strong>5. Responsabilit\u00e0<\/strong><br>Il Locatore declina ogni responsabilit\u00e0 per i danni causati dai beni, salvo in caso di vizio occulto o difetto di fabbricazione. Il Locatario \u00e8 l&#8217;unico responsabile dell&#8217;uso che fa dei beni e delle conseguenze che ne potrebbero derivare. <\/p><p><strong>6. Obblighi delle parti<\/strong><br>Obblighi del Locatario<br>\u2022 Il Locatario si impegna a utilizzare i beni conformemente alle istruzioni fornite dal Locatore e a non utilizzarli per scopi illegali o contrari alla loro destinazione.<br>\u2022 \u00c8 responsabile di qualsiasi deterioramento, perdita o furto dei beni che si verifichi durante la durata del noleggio. Il Locatario dovr\u00e0 rimborsare il costo di riparazione o sostituzione dei beni, conformemente alle disposizioni del Codice delle Obbligazioni Svizzero.<br>\u2022 Assicurer\u00e0 i beni contro tutti i rischi per tutta la durata del noleggio.<br>\u2022 Il Locatario si impegna a informare immediatamente il Locatore di qualsiasi malfunzionamento o danno che si verifichi ai beni.<br>Obblighi del Locatore<br>\u2022 Il Locatore si impegna a fornire al Locatario beni in perfetto stato di funzionamento.<br>\u2022 Assister\u00e0 il Locatario nell&#8217;installazione e nello smontaggio del Materiale se ci\u00f2 \u00e8 stato concordato (per i beni o l&#8217;installazione da parte del Locatore non \u00e8 obbligatoria). <\/p><p><strong>7. Annullamento<\/strong><br>In caso di annullamento della prenotazione, il Locatario deve informare il Locatore per iscritto. Le condizioni di annullamento sono le seguenti:<br>&#8211; Annullamento oltre 60 giorni prima della data di noleggio: rimborso dell&#8217;acconto meno 200.- di spese amministrative<br>&#8211; Annullamento tra 60 e 20 giorni prima della data di noleggio: perdita dell&#8217;acconto.<br>&#8211; Annullamento tra 20 e 5 giorni prima della data di noleggio: pagamento del 50% dell&#8217;importo del noleggio<br>&#8211; Annullamento meno di 5 giorni prima della data di noleggio: pagamento integrale dell&#8217;importo del noleggio. <\/p><p><strong>8. Forza maggiore<\/strong><br>Le parti sono liberate dai loro obblighi in caso di forza maggiore che impedisca l&#8217;esecuzione del contratto di noleggio.<\/p><p><strong>9. Pagamento<\/strong><br>Il saldo del noleggio deve essere saldato al pi\u00f9 tardi 5 giorni prima della data di consegna. I pagamenti possono essere effettuati tramite carta di credito, bonifico bancario o contanti. <\/p><p><strong>10. Risoluzione<\/strong><br>In caso di inadempimento da parte di una delle parti dei suoi obblighi, l&#8217;altra parte potr\u00e0 risolvere il presente contratto di pieno diritto, previa comunicazione con un preavviso di 30 giorni.<\/p><p><strong>11. Controversie<\/strong><br>In caso di controversia, le parti si impegnano a tentare di risolvere la questione in via amichevole. In caso contrario, la controversia sar\u00e0 sottoposta ai tribunali competenti di Losanna, conformemente al diritto svizzero. <\/p><p><strong>12. Modifiche delle condizioni<\/strong><br>Il Locatore si riserva il diritto di modificare le presenti condizioni generali in qualsiasi momento. Le modifiche saranno comunicate al Locatario ed entreranno in vigore dalla loro pubblicazione. <\/p>\t\t\t\t\t\t\t\t<\/div>\n\t\t\t\t<\/div>\n\t\t\t\t\t<\/div>\n\t\t\t\t<\/div>\n\t\t\t\t<\/div>\n\t\t","protected":false},"excerpt":{"rendered":"<p>Condizioni Generali di Noleggio di Arredi per Eventi, attrezzature audio, video, illuminazione ed effetti di Ekip Event, marchio di Ekip &amp; Co Suisse S\u00e0rl 1. Oggetto del noleggioLe presenti condizioni generali regolano il noleggio di arredi per eventi e attrezzature audiovisive (di seguito denominati \u201ci beni\u201d) tra Ekip &amp; Co Suisse S\u00e0rl, Zona Industriale Le [&hellip;]<\/p>\n","protected":false},"author":2,"featured_media":0,"parent":0,"menu_order":0,"comment_status":"closed","ping_status":"closed","template":"","meta":{"site-sidebar-layout":"no-sidebar","site-content-layout":"page-builder","ast-site-content-layout":"full-width-container","site-content-style":"default","site-sidebar-style":"default","ast-global-header-display":"","ast-banner-title-visibility":"","ast-main-header-display":"","ast-hfb-above-header-display":"","ast-hfb-below-header-display":"","ast-hfb-mobile-header-display":"","site-post-title":"disabled","ast-breadcrumbs-content":"","ast-featured-img":"disabled","footer-sml-layout":"","ast-disable-related-posts":"","theme-transparent-header-meta":"","adv-header-id-meta":"","stick-header-meta":"","header-above-stick-meta":"","header-main-stick-meta":"","header-below-stick-meta":"","astra-migrate-meta-layouts":"default","ast-page-background-enabled":"default","ast-page-background-meta":{"desktop":{"background-color":"var(--ast-global-color-4)","background-image":"","background-repeat":"repeat","background-position":"center center","background-size":"auto","background-attachment":"scroll","background-type":"","background-media":"","overlay-type":"","overlay-color":"","overlay-opacity":"","overlay-gradient":""},"tablet":{"background-color":"","background-image":"","background-repeat":"repeat","background-position":"center center","background-size":"auto","background-attachment":"scroll","background-type":"","background-media":"","overlay-type":"","overlay-color":"","overlay-opacity":"","overlay-gradient":""},"mobile":{"background-color":"","background-image":"","background-repeat":"repeat","background-position":"center center","background-size":"auto","background-attachment":"scroll","background-type":"","background-media":"","overlay-type":"","overlay-color":"","overlay-opacity":"","overlay-gradient":""}},"ast-content-background-meta":{"desktop":{"background-color":"var(--ast-global-color-5)","background-image":"","background-repeat":"repeat","background-position":"center center","background-size":"auto","background-attachment":"scroll","background-type":"","background-media":"","overlay-type":"","overlay-color":"","overlay-opacity":"","overlay-gradient":""},"tablet":{"background-color":"var(--ast-global-color-5)","background-image":"","background-repeat":"repeat","background-position":"center center","background-size":"auto","background-attachment":"scroll","background-type":"","background-media":"","overlay-type":"","overlay-color":"","overlay-opacity":"","overlay-gradient":""},"mobile":{"background-color":"var(--ast-global-color-5)","background-image":"","background-repeat":"repeat","background-position":"center center","background-size":"auto","background-attachment":"scroll","background-type":"","background-media":"","overlay-type":"","overlay-color":"","overlay-opacity":"","overlay-gradient":""}},"footnotes":""},"class_list":["post-2126","page","type-page","status-publish","hentry"],"yoast_head":"<!-- This site is optimized with the Yoast SEO plugin v27.4 - https:\/\/yoast.com\/product\/yoast-seo-wordpress\/ -->\n<title>Condizioni Generali di Noleggio - Ekip Event<\/title>\n<meta name=\"robots\" content=\"noindex, nofollow\" \/>\n<meta property=\"og:locale\" content=\"it_IT\" \/>\n<meta property=\"og:type\" content=\"article\" \/>\n<meta property=\"og:title\" content=\"Condizioni Generali di Noleggio - Ekip Event\" \/>\n<meta property=\"og:description\" content=\"Condizioni Generali di Noleggio di Arredi per Eventi, attrezzature audio, video, illuminazione ed effetti di Ekip Event, marchio di Ekip &amp; Co Suisse S\u00e0rl 1. Oggetto del noleggioLe presenti condizioni generali regolano il noleggio di arredi per eventi e attrezzature audiovisive (di seguito denominati \u201ci beni\u201d) tra Ekip &amp; Co Suisse S\u00e0rl, Zona Industriale Le [&hellip;]\" \/>\n<meta property=\"og:url\" content=\"https:\/\/ekipevent.com\/it\/condizioni-generali-di-noleggio\/\" \/>\n<meta property=\"og:site_name\" content=\"Ekip Event\" \/>\n<meta property=\"article:modified_time\" content=\"2025-12-10T12:47:45+00:00\" \/>\n<meta property=\"og:image\" content=\"https:\/\/ekipevent.com\/wp-content\/uploads\/2025\/09\/Image_Resultats_EkipEvent.jpg\" \/>\n\t<meta property=\"og:image:width\" content=\"1200\" \/>\n\t<meta property=\"og:image:height\" content=\"676\" \/>\n\t<meta property=\"og:image:type\" content=\"image\/jpeg\" \/>\n<meta name=\"twitter:card\" content=\"summary_large_image\" \/>\n<meta name=\"twitter:label1\" content=\"Tempo di lettura stimato\" \/>\n\t<meta name=\"twitter:data1\" content=\"3 minuto\" \/>\n<script type=\"application\/ld+json\" class=\"yoast-schema-graph\">{\"@context\":\"https:\\\/\\\/schema.org\",\"@graph\":[{\"@type\":\"WebPage\",\"@id\":\"https:\\\/\\\/ekipevent.com\\\/it\\\/condizioni-generali-di-noleggio\\\/\",\"url\":\"https:\\\/\\\/ekipevent.com\\\/it\\\/condizioni-generali-di-noleggio\\\/\",\"name\":\"Condizioni Generali di Noleggio - Ekip Event\",\"isPartOf\":{\"@id\":\"https:\\\/\\\/ekipevent.com\\\/it\\\/#website\"},\"datePublished\":\"2024-10-30T09:51:56+00:00\",\"dateModified\":\"2025-12-10T12:47:45+00:00\",\"breadcrumb\":{\"@id\":\"https:\\\/\\\/ekipevent.com\\\/it\\\/condizioni-generali-di-noleggio\\\/#breadcrumb\"},\"inLanguage\":\"it-IT\",\"potentialAction\":[{\"@type\":\"ReadAction\",\"target\":[\"https:\\\/\\\/ekipevent.com\\\/it\\\/condizioni-generali-di-noleggio\\\/\"]}]},{\"@type\":\"BreadcrumbList\",\"@id\":\"https:\\\/\\\/ekipevent.com\\\/it\\\/condizioni-generali-di-noleggio\\\/#breadcrumb\",\"itemListElement\":[{\"@type\":\"ListItem\",\"position\":1,\"name\":\"Home\",\"item\":\"https:\\\/\\\/ekipevent.com\\\/it\\\/home\\\/\"},{\"@type\":\"ListItem\",\"position\":2,\"name\":\"Condizioni Generali di Noleggio\"}]},{\"@type\":\"WebSite\",\"@id\":\"https:\\\/\\\/ekipevent.com\\\/it\\\/#website\",\"url\":\"https:\\\/\\\/ekipevent.com\\\/it\\\/\",\"name\":\"Ekip Event\",\"description\":\"Votre partenaire pour la location de mat\u00e9riel \u00e9v\u00e8nementiel\",\"publisher\":{\"@id\":\"https:\\\/\\\/ekipevent.com\\\/it\\\/#organization\"},\"potentialAction\":[{\"@type\":\"SearchAction\",\"target\":{\"@type\":\"EntryPoint\",\"urlTemplate\":\"https:\\\/\\\/ekipevent.com\\\/it\\\/?s={search_term_string}\"},\"query-input\":{\"@type\":\"PropertyValueSpecification\",\"valueRequired\":true,\"valueName\":\"search_term_string\"}}],\"inLanguage\":\"it-IT\"},{\"@type\":\"Organization\",\"@id\":\"https:\\\/\\\/ekipevent.com\\\/it\\\/#organization\",\"name\":\"Evento Ekip\",\"url\":\"https:\\\/\\\/ekipevent.com\\\/it\\\/\",\"logo\":{\"@type\":\"ImageObject\",\"inLanguage\":\"it-IT\",\"@id\":\"https:\\\/\\\/ekipevent.com\\\/it\\\/#\\\/schema\\\/logo\\\/image\\\/\",\"url\":\"https:\\\/\\\/ekipevent.com\\\/wp-content\\\/uploads\\\/2024\\\/10\\\/web_EkipEvent_Logo_classic-1-scaled.webp\",\"contentUrl\":\"https:\\\/\\\/ekipevent.com\\\/wp-content\\\/uploads\\\/2024\\\/10\\\/web_EkipEvent_Logo_classic-1-scaled.webp\",\"width\":2560,\"height\":2560,\"caption\":\"Evento Ekip\"},\"image\":{\"@id\":\"https:\\\/\\\/ekipevent.com\\\/it\\\/#\\\/schema\\\/logo\\\/image\\\/\"},\"sameAs\":[\"https:\\\/\\\/www.instagram.com\\\/ekip_event_suisse\\\/\"]}]}<\/script>\n<!-- \/ Yoast SEO plugin. -->","yoast_head_json":{"title":"Condizioni Generali di Noleggio - Ekip Event","robots":{"index":"noindex","follow":"nofollow"},"og_locale":"it_IT","og_type":"article","og_title":"Condizioni Generali di Noleggio - Ekip Event","og_description":"Condizioni Generali di Noleggio di Arredi per Eventi, attrezzature audio, video, illuminazione ed effetti di Ekip Event, marchio di Ekip &amp; Co Suisse S\u00e0rl 1. Oggetto del noleggioLe presenti condizioni generali regolano il noleggio di arredi per eventi e attrezzature audiovisive (di seguito denominati \u201ci beni\u201d) tra Ekip &amp; Co Suisse S\u00e0rl, Zona Industriale Le [&hellip;]","og_url":"https:\/\/ekipevent.com\/it\/condizioni-generali-di-noleggio\/","og_site_name":"Ekip Event","article_modified_time":"2025-12-10T12:47:45+00:00","og_image":[{"width":1200,"height":676,"url":"https:\/\/ekipevent.com\/wp-content\/uploads\/2025\/09\/Image_Resultats_EkipEvent.jpg","type":"image\/jpeg"}],"twitter_card":"summary_large_image","twitter_misc":{"Tempo di lettura stimato":"3 minuto"},"schema":{"@context":"https:\/\/schema.org","@graph":[{"@type":"WebPage","@id":"https:\/\/ekipevent.com\/it\/condizioni-generali-di-noleggio\/","url":"https:\/\/ekipevent.com\/it\/condizioni-generali-di-noleggio\/","name":"Condizioni Generali di Noleggio - Ekip Event","isPartOf":{"@id":"https:\/\/ekipevent.com\/it\/#website"},"datePublished":"2024-10-30T09:51:56+00:00","dateModified":"2025-12-10T12:47:45+00:00","breadcrumb":{"@id":"https:\/\/ekipevent.com\/it\/condizioni-generali-di-noleggio\/#breadcrumb"},"inLanguage":"it-IT","potentialAction":[{"@type":"ReadAction","target":["https:\/\/ekipevent.com\/it\/condizioni-generali-di-noleggio\/"]}]},{"@type":"BreadcrumbList","@id":"https:\/\/ekipevent.com\/it\/condizioni-generali-di-noleggio\/#breadcrumb","itemListElement":[{"@type":"ListItem","position":1,"name":"Home","item":"https:\/\/ekipevent.com\/it\/home\/"},{"@type":"ListItem","position":2,"name":"Condizioni Generali di Noleggio"}]},{"@type":"WebSite","@id":"https:\/\/ekipevent.com\/it\/#website","url":"https:\/\/ekipevent.com\/it\/","name":"Ekip Event","description":"Votre partenaire pour la location de mat\u00e9riel \u00e9v\u00e8nementiel","publisher":{"@id":"https:\/\/ekipevent.com\/it\/#organization"},"potentialAction":[{"@type":"SearchAction","target":{"@type":"EntryPoint","urlTemplate":"https:\/\/ekipevent.com\/it\/?s={search_term_string}"},"query-input":{"@type":"PropertyValueSpecification","valueRequired":true,"valueName":"search_term_string"}}],"inLanguage":"it-IT"},{"@type":"Organization","@id":"https:\/\/ekipevent.com\/it\/#organization","name":"Evento Ekip","url":"https:\/\/ekipevent.com\/it\/","logo":{"@type":"ImageObject","inLanguage":"it-IT","@id":"https:\/\/ekipevent.com\/it\/#\/schema\/logo\/image\/","url":"https:\/\/ekipevent.com\/wp-content\/uploads\/2024\/10\/web_EkipEvent_Logo_classic-1-scaled.webp","contentUrl":"https:\/\/ekipevent.com\/wp-content\/uploads\/2024\/10\/web_EkipEvent_Logo_classic-1-scaled.webp","width":2560,"height":2560,"caption":"Evento Ekip"},"image":{"@id":"https:\/\/ekipevent.com\/it\/#\/schema\/logo\/image\/"},"sameAs":["https:\/\/www.instagram.com\/ekip_event_suisse\/"]}]}},"_links":{"self":[{"href":"https:\/\/ekipevent.com\/it\/wp-json\/wp\/v2\/pages\/2126","targetHints":{"allow":["GET"]}}],"collection":[{"href":"https:\/\/ekipevent.com\/it\/wp-json\/wp\/v2\/pages"}],"about":[{"href":"https:\/\/ekipevent.com\/it\/wp-json\/wp\/v2\/types\/page"}],"author":[{"embeddable":true,"href":"https:\/\/ekipevent.com\/it\/wp-json\/wp\/v2\/users\/2"}],"replies":[{"embeddable":true,"href":"https:\/\/ekipevent.com\/it\/wp-json\/wp\/v2\/comments?post=2126"}],"version-history":[{"count":1,"href":"https:\/\/ekipevent.com\/it\/wp-json\/wp\/v2\/pages\/2126\/revisions"}],"predecessor-version":[{"id":2127,"href":"https:\/\/ekipevent.com\/it\/wp-json\/wp\/v2\/pages\/2126\/revisions\/2127"}],"wp:attachment":[{"href":"https:\/\/ekipevent.com\/it\/wp-json\/wp\/v2\/media?parent=2126"}],"curies":[{"name":"wp","href":"https:\/\/api.w.org\/{rel}","templated":true}]}}