{"id":2883,"date":"2024-10-16T15:44:40","date_gmt":"2024-10-16T13:44:40","guid":{"rendered":"https:\/\/ekipevent.com\/contacto\/"},"modified":"2026-03-24T15:53:53","modified_gmt":"2026-03-24T14:53:53","slug":"contacto","status":"publish","type":"page","link":"https:\/\/ekipevent.com\/es\/contacto\/","title":{"rendered":"Contacto"},"content":{"rendered":"\t\t<div data-elementor-type=\"wp-page\" data-elementor-id=\"2883\" class=\"elementor elementor-2883 elementor-584\" data-elementor-post-type=\"page\">\n\t\t\t\t<div class=\"elementor-element elementor-element-dc4a627 e-flex e-con-boxed e-con e-parent\" data-id=\"dc4a627\" data-element_type=\"container\" data-e-type=\"container\" data-settings=\"{&quot;background_background&quot;:&quot;classic&quot;}\">\n\t\t\t\t\t<div class=\"e-con-inner\">\n\t\t\t\t<div class=\"elementor-element elementor-element-d28b609 elementor-widget elementor-widget-heading\" data-id=\"d28b609\" data-element_type=\"widget\" data-e-type=\"widget\" data-widget_type=\"heading.default\">\n\t\t\t\t<div class=\"elementor-widget-container\">\n\t\t\t\t\t<h1 class=\"elementor-heading-title elementor-size-default\">Contacto<\/h1>\t\t\t\t<\/div>\n\t\t\t\t<\/div>\n\t\t\t\t<div class=\"elementor-element elementor-element-027e0df elementor-widget elementor-widget-heading\" data-id=\"027e0df\" data-element_type=\"widget\" data-e-type=\"widget\" data-widget_type=\"heading.default\">\n\t\t\t\t<div class=\"elementor-widget-container\">\n\t\t\t\t\t<h4 class=\"elementor-heading-title elementor-size-default\">Cu\u00e9ntanos tu evento en unas pocas preguntas<\/h4>\t\t\t\t<\/div>\n\t\t\t\t<\/div>\n\t\t\t\t<div class=\"elementor-element elementor-element-a2695cf elementor-button-align-center elementor-widget elementor-widget-form\" data-id=\"a2695cf\" data-element_type=\"widget\" data-e-type=\"widget\" data-settings=\"{&quot;step_next_label&quot;:&quot;Siguiente&quot;,&quot;step_previous_label&quot;:&quot;Anterior&quot;,&quot;button_width&quot;:&quot;100&quot;,&quot;step_type&quot;:&quot;number_text&quot;,&quot;step_icon_shape&quot;:&quot;circle&quot;}\" data-widget_type=\"form.default\">\n\t\t\t\t<div class=\"elementor-widget-container\">\n\t\t\t\t\t\t\t<form class=\"elementor-form\" method=\"post\" name=\"FORMULARIO\" aria-label=\"FORMULARIO\">\n\t\t\t<input type=\"hidden\" name=\"post_id\" value=\"2883\"\/>\n\t\t\t<input type=\"hidden\" name=\"form_id\" value=\"a2695cf\"\/>\n\t\t\t<input type=\"hidden\" name=\"referer_title\" value=\"Contacto - Ekip Event\" \/>\n\n\t\t\t\t\t\t\t<input type=\"hidden\" name=\"queried_id\" value=\"2883\"\/>\n\t\t\t\n\t\t\t<div class=\"elementor-form-fields-wrapper elementor-labels-above\">\n\t\t\t\t\t\t\t\t<div class=\"elementor-field-type-radio elementor-field-group elementor-column elementor-field-group-field_65fbf5c elementor-col-100\">\n\t\t\t\t\t\t\t\t\t\t\t\t<label for=\"form-field-field_65fbf5c\" class=\"elementor-field-label\">\n\t\t\t\t\t\t\t\t\u00bfQu\u00e9 tipo de evento quieres organizar?\t\t\t\t\t\t\t<\/label>\n\t\t\t\t\t\t<div class=\"elementor-field-subgroup  elementor-subgroup-inline\"><span class=\"elementor-field-option\"><input type=\"radio\" value=\"Boda\" id=\"form-field-field_65fbf5c-0\" name=\"form_fields[field_65fbf5c]\"> <label for=\"form-field-field_65fbf5c-0\">Boda<\/label><\/span><span class=\"elementor-field-option\"><input type=\"radio\" value=\"Evento de empresa\" id=\"form-field-field_65fbf5c-1\" name=\"form_fields[field_65fbf5c]\"> <label for=\"form-field-field_65fbf5c-1\">Evento de empresa<\/label><\/span><span class=\"elementor-field-option\"><input type=\"radio\" value=\"Cumplea\u00f1os \/ fi esta privada\" id=\"form-field-field_65fbf5c-2\" name=\"form_fields[field_65fbf5c]\"> <label for=\"form-field-field_65fbf5c-2\">Cumplea\u00f1os \/ fi esta privada<\/label><\/span><span class=\"elementor-field-option\"><input type=\"radio\" value=\"Otro\" id=\"form-field-field_65fbf5c-3\" name=\"form_fields[field_65fbf5c]\"> <label for=\"form-field-field_65fbf5c-3\">Otro<\/label><\/span><\/div>\t\t\t\t<\/div>\n\t\t\t\t\t\t\t\t<div class=\"elementor-field-type-radio elementor-field-group elementor-column elementor-field-group-field_4140623 elementor-col-100\">\n\t\t\t\t\t\t\t\t\t\t\t\t<label for=\"form-field-field_4140623\" class=\"elementor-field-label\">\n\t\t\t\t\t\t\t\t\u00bfQu\u00e9 servicio necesitas?\t\t\t\t\t\t\t<\/label>\n\t\t\t\t\t\t<div class=\"elementor-field-subgroup  elementor-subgroup-inline\"><span class=\"elementor-field-option\"><input type=\"radio\" value=\"Alquiler de material\" id=\"form-field-field_4140623-0\" name=\"form_fields[field_4140623]\"> <label for=\"form-field-field_4140623-0\">Alquiler de material<\/label><\/span><span class=\"elementor-field-option\"><input type=\"radio\" value=\"Alquiler con asesoramiento\" id=\"form-field-field_4140623-1\" name=\"form_fields[field_4140623]\"> <label for=\"form-field-field_4140623-1\">Alquiler con asesoramiento<\/label><\/span><span class=\"elementor-field-option\"><input type=\"radio\" value=\"Gesti\u00f3n integral\" id=\"form-field-field_4140623-2\" name=\"form_fields[field_4140623]\"> <label for=\"form-field-field_4140623-2\">Gesti\u00f3n integral<\/label><\/span><\/div>\t\t\t\t<\/div>\n\t\t\t\t\t\t\t\t<div class=\"elementor-field-type-radio elementor-field-group elementor-column elementor-field-group-field_917d398 elementor-col-50\">\n\t\t\t\t\t\t\t\t\t\t\t\t<label for=\"form-field-field_917d398\" class=\"elementor-field-label\">\n\t\t\t\t\t\t\t\t\u00bfCu\u00e1ndo tendr\u00e1 lugar el evento?\t\t\t\t\t\t\t<\/label>\n\t\t\t\t\t\t<div class=\"elementor-field-subgroup  elementor-subgroup-inline\"><span class=\"elementor-field-option\"><input type=\"radio\" value=\"En los pr\u00f3ximos 30 d\u00edas\" id=\"form-field-field_917d398-0\" name=\"form_fields[field_917d398]\"> <label for=\"form-field-field_917d398-0\">En los pr\u00f3ximos 30 d\u00edas<\/label><\/span><span class=\"elementor-field-option\"><input type=\"radio\" value=\"En 1 a 3 meses\" id=\"form-field-field_917d398-1\" name=\"form_fields[field_917d398]\"> <label for=\"form-field-field_917d398-1\">En 1 a 3 meses<\/label><\/span><span class=\"elementor-field-option\"><input type=\"radio\" value=\"En 6 a 12 meses\" id=\"form-field-field_917d398-2\" name=\"form_fields[field_917d398]\"> <label for=\"form-field-field_917d398-2\">En 6 a 12 meses<\/label><\/span><span class=\"elementor-field-option\"><input type=\"radio\" value=\"M\u00e1s adelante\" id=\"form-field-field_917d398-3\" name=\"form_fields[field_917d398]\"> <label for=\"form-field-field_917d398-3\">M\u00e1s adelante<\/label><\/span><\/div>\t\t\t\t<\/div>\n\t\t\t\t\t\t\t\t<div class=\"elementor-field-type-date elementor-field-group elementor-column elementor-field-group-field_eaadc09 elementor-col-50\">\n\t\t\t\t\t\t\t\t\t\t\t\t<label for=\"form-field-field_eaadc09\" class=\"elementor-field-label\">\n\t\t\t\t\t\t\t\tFecha exacta (si la sabes)\t\t\t\t\t\t\t<\/label>\n\t\t\t\t\t\t\n\t\t<input type=\"date\" name=\"form_fields[field_eaadc09]\" id=\"form-field-field_eaadc09\" class=\"elementor-field elementor-size-md  elementor-field-textual elementor-date-field\" pattern=\"[0-9]{4}-[0-9]{2}-[0-9]{2}\">\n\t\t\t\t\t\t<\/div>\n\t\t\t\t\t\t\t\t<div class=\"elementor-field-type-text elementor-field-group elementor-column elementor-field-group-field_c97c4ea elementor-col-100\">\n\t\t\t\t\t\t\t\t\t\t\t\t<label for=\"form-field-field_c97c4ea\" class=\"elementor-field-label\">\n\t\t\t\t\t\t\t\t\u00bfD\u00f3nde tendr\u00e1 lugar el evento?\t\t\t\t\t\t\t<\/label>\n\t\t\t\t\t\t\t\t\t\t\t\t\t\t<input size=\"1\" type=\"text\" name=\"form_fields[field_c97c4ea]\" id=\"form-field-field_c97c4ea\" class=\"elementor-field elementor-size-md  elementor-field-textual\" placeholder=\"Regi\u00f3n \/ municipio\">\n\t\t\t\t\t\t\t\t\t\t\t<\/div>\n\t\t\t\t\t\t\t\t<div class=\"elementor-field-type-text elementor-field-group elementor-column elementor-field-group-field_0014aa8 elementor-col-100\">\n\t\t\t\t\t\t\t\t\t\t\t\t<label for=\"form-field-field_0014aa8\" class=\"elementor-field-label\">\n\t\t\t\t\t\t\t\tDATOS DE CONTACTO\t\t\t\t\t\t\t<\/label>\n\t\t\t\t\t\t\t\t\t\t\t\t\t\t<input size=\"1\" type=\"text\" name=\"form_fields[field_0014aa8]\" id=\"form-field-field_0014aa8\" class=\"elementor-field elementor-size-md  elementor-field-textual\" placeholder=\"Nombre y apellidos\">\n\t\t\t\t\t\t\t\t\t\t\t<\/div>\n\t\t\t\t\t\t\t\t<div class=\"elementor-field-type-email elementor-field-group elementor-column elementor-field-group-email elementor-col-100 elementor-field-required\">\n\t\t\t\t\t\t\t\t\t\t\t\t\t<input size=\"1\" type=\"email\" name=\"form_fields[email]\" id=\"form-field-email\" class=\"elementor-field elementor-size-md  elementor-field-textual\" placeholder=\"Correo electr\u00f3nico\" required=\"required\">\n\t\t\t\t\t\t\t\t\t\t\t<\/div>\n\t\t\t\t\t\t\t\t<div class=\"elementor-field-type-tel elementor-field-group elementor-column elementor-field-group-field_6c180a9 elementor-col-100 elementor-field-required\">\n\t\t\t\t\t\t\t<input size=\"1\" type=\"tel\" name=\"form_fields[field_6c180a9]\" id=\"form-field-field_6c180a9\" class=\"elementor-field elementor-size-md  elementor-field-textual\" placeholder=\"Tel\u00e9fono\" required=\"required\" pattern=\"[0-9()#&amp;+*-=.]+\" title=\"Solo se aceptan n\u00fameros y caracteres de tel\u00e9fono (#,-,*,etc).\">\n\n\t\t\t\t\t\t<\/div>\n\t\t\t\t\t\t\t\t<div class=\"elementor-field-type-textarea elementor-field-group elementor-column elementor-field-group-message elementor-col-100\">\n\t\t\t\t\t<textarea class=\"elementor-field-textual elementor-field  elementor-size-md\" name=\"form_fields[message]\" id=\"form-field-message\" rows=\"4\" placeholder=\"Cu\u00e9ntanos tu proyecto\"><\/textarea>\t\t\t\t<\/div>\n\t\t\t\t\t\t\t\t<div class=\"elementor-field-type-recaptcha_v3 elementor-field-group elementor-column elementor-field-group-field_de5c1a3 elementor-col-100 recaptcha_v3-inline\">\n\t\t\t\t\t<div class=\"elementor-field\" id=\"form-field-field_de5c1a3\"><div class=\"elementor-g-recaptcha\" data-sitekey=\"6LdXhWgqAAAAADsn0pVaf3CUitZ_6bxjOv-tlzxp\" data-type=\"v3\" data-action=\"Form\" data-badge=\"inline\" data-size=\"invisible\"><\/div><\/div>\t\t\t\t<\/div>\n\t\t\t\t\t\t\t\t<div class=\"elementor-field-group elementor-column elementor-field-type-submit elementor-col-100 e-form__buttons\">\n\t\t\t\t\t<button class=\"elementor-button elementor-size-sm\" type=\"submit\">\n\t\t\t\t\t\t<span class=\"elementor-button-content-wrapper\">\n\t\t\t\t\t\t\t\t\t\t\t\t\t\t\t\t\t\t\t\t\t\t<span class=\"elementor-button-text\">Enviar<\/span>\n\t\t\t\t\t\t\t\t\t\t\t\t\t<\/span>\n\t\t\t\t\t<\/button>\n\t\t\t\t<\/div>\n\t\t\t<\/div>\n\t\t<\/form>\n\t\t\t\t\t\t<\/div>\n\t\t\t\t<\/div>\n\t\t<div class=\"elementor-element elementor-element-04c364c e-con-full e-flex e-con e-child\" data-id=\"04c364c\" data-element_type=\"container\" data-e-type=\"container\">\n\t\t\t\t<div class=\"elementor-element elementor-element-d8fb6ad elementor-widget elementor-widget-heading\" data-id=\"d8fb6ad\" data-element_type=\"widget\" data-e-type=\"widget\" data-widget_type=\"heading.default\">\n\t\t\t\t<div class=\"elementor-widget-container\">\n\t\t\t\t\t<h5 class=\"elementor-heading-title elementor-size-default\">Encuentre nuestras novedades en Instagram<\/h5>\t\t\t\t<\/div>\n\t\t\t\t<\/div>\n\t\t\t\t<div class=\"elementor-element elementor-element-b12049c elementor-shape-circle elementor-grid-0 e-grid-align-center elementor-widget elementor-widget-social-icons\" data-id=\"b12049c\" data-element_type=\"widget\" data-e-type=\"widget\" data-widget_type=\"social-icons.default\">\n\t\t\t\t<div class=\"elementor-widget-container\">\n\t\t\t\t\t\t\t<div class=\"elementor-social-icons-wrapper elementor-grid\">\n\t\t\t\t\t\t\t<span class=\"elementor-grid-item\">\n\t\t\t\t\t<a class=\"elementor-icon elementor-social-icon elementor-social-icon-instagram elementor-repeater-item-e405fbc\" href=\"https:\/\/www.instagram.com\/ekip_event_suisse\/\" target=\"_blank\">\n\t\t\t\t\t\t<span class=\"elementor-screen-only\">Instagram<\/span>\n\t\t\t\t\t\t<svg aria-hidden=\"true\" class=\"e-font-icon-svg e-fab-instagram\" viewBox=\"0 0 448 512\" xmlns=\"http:\/\/www.w3.org\/2000\/svg\"><path d=\"M224.1 141c-63.6 0-114.9 51.3-114.9 114.9s51.3 114.9 114.9 114.9S339 319.5 339 255.9 287.7 141 224.1 141zm0 189.6c-41.1 0-74.7-33.5-74.7-74.7s33.5-74.7 74.7-74.7 74.7 33.5 74.7 74.7-33.6 74.7-74.7 74.7zm146.4-194.3c0 14.9-12 26.8-26.8 26.8-14.9 0-26.8-12-26.8-26.8s12-26.8 26.8-26.8 26.8 12 26.8 26.8zm76.1 27.2c-1.7-35.9-9.9-67.7-36.2-93.9-26.2-26.2-58-34.4-93.9-36.2-37-2.1-147.9-2.1-184.9 0-35.8 1.7-67.6 9.9-93.9 36.1s-34.4 58-36.2 93.9c-2.1 37-2.1 147.9 0 184.9 1.7 35.9 9.9 67.7 36.2 93.9s58 34.4 93.9 36.2c37 2.1 147.9 2.1 184.9 0 35.9-1.7 67.7-9.9 93.9-36.2 26.2-26.2 34.4-58 36.2-93.9 2.1-37 2.1-147.8 0-184.8zM398.8 388c-7.8 19.6-22.9 34.7-42.6 42.6-29.5 11.7-99.5 9-132.1 9s-102.7 2.6-132.1-9c-19.6-7.8-34.7-22.9-42.6-42.6-11.7-29.5-9-99.5-9-132.1s-2.6-102.7 9-132.1c7.8-19.6 22.9-34.7 42.6-42.6 29.5-11.7 99.5-9 132.1-9s102.7-2.6 132.1 9c19.6 7.8 34.7 22.9 42.6 42.6 11.7 29.5 9 99.5 9 132.1s2.7 102.7-9 132.1z\"><\/path><\/svg>\t\t\t\t\t<\/a>\n\t\t\t\t<\/span>\n\t\t\t\t\t<\/div>\n\t\t\t\t\t\t<\/div>\n\t\t\t\t<\/div>\n\t\t\t\t<\/div>\n\t\t\t\t\t<\/div>\n\t\t\t\t<\/div>\n\t\t\t\t<\/div>\n\t\t","protected":false},"excerpt":{"rendered":"<p>Contacto Cu\u00e9ntanos tu evento en unas pocas preguntas Encuentre nuestras novedades en Instagram Instagram<\/p>\n","protected":false},"author":2,"featured_media":0,"parent":0,"menu_order":0,"comment_status":"closed","ping_status":"closed","template":"","meta":{"site-sidebar-layout":"no-sidebar","site-content-layout":"page-builder","ast-site-content-layout":"full-width-container","site-content-style":"default","site-sidebar-style":"default","ast-global-header-display":"","ast-banner-title-visibility":"","ast-main-header-display":"","ast-hfb-above-header-display":"","ast-hfb-below-header-display":"","ast-hfb-mobile-header-display":"","site-post-title":"disabled","ast-breadcrumbs-content":"","ast-featured-img":"disabled","footer-sml-layout":"","ast-disable-related-posts":"","theme-transparent-header-meta":"","adv-header-id-meta":"","stick-header-meta":"","header-above-stick-meta":"","header-main-stick-meta":"","header-below-stick-meta":"","astra-migrate-meta-layouts":"default","ast-page-background-enabled":"default","ast-page-background-meta":{"desktop":{"background-color":"var(--ast-global-color-4)","background-image":"","background-repeat":"repeat","background-position":"center center","background-size":"auto","background-attachment":"scroll","background-type":"","background-media":"","overlay-type":"","overlay-color":"","overlay-opacity":"","overlay-gradient":""},"tablet":{"background-color":"","background-image":"","background-repeat":"repeat","background-position":"center center","background-size":"auto","background-attachment":"scroll","background-type":"","background-media":"","overlay-type":"","overlay-color":"","overlay-opacity":"","overlay-gradient":""},"mobile":{"background-color":"","background-image":"","background-repeat":"repeat","background-position":"center center","background-size":"auto","background-attachment":"scroll","background-type":"","background-media":"","overlay-type":"","overlay-color":"","overlay-opacity":"","overlay-gradient":""}},"ast-content-background-meta":{"desktop":{"background-color":"var(--ast-global-color-5)","background-image":"","background-repeat":"repeat","background-position":"center center","background-size":"auto","background-attachment":"scroll","background-type":"","background-media":"","overlay-type":"","overlay-color":"","overlay-opacity":"","overlay-gradient":""},"tablet":{"background-color":"var(--ast-global-color-5)","background-image":"","background-repeat":"repeat","background-position":"center center","background-size":"auto","background-attachment":"scroll","background-type":"","background-media":"","overlay-type":"","overlay-color":"","overlay-opacity":"","overlay-gradient":""},"mobile":{"background-color":"var(--ast-global-color-5)","background-image":"","background-repeat":"repeat","background-position":"center center","background-size":"auto","background-attachment":"scroll","background-type":"","background-media":"","overlay-type":"","overlay-color":"","overlay-opacity":"","overlay-gradient":""}},"footnotes":""},"class_list":["post-2883","page","type-page","status-publish","hentry"],"yoast_head":"<!-- This site is optimized with the Yoast SEO plugin v27.5 - https:\/\/yoast.com\/product\/yoast-seo-wordpress\/ -->\n<title>Contacto - Ekip Event<\/title>\n<meta name=\"robots\" content=\"index, follow, max-snippet:-1, max-image-preview:large, max-video-preview:-1\" \/>\n<link rel=\"canonical\" href=\"https:\/\/ekipevent.com\/es\/contacto\/\" \/>\n<meta property=\"og:locale\" content=\"es_ES\" \/>\n<meta property=\"og:type\" content=\"article\" \/>\n<meta property=\"og:title\" content=\"Contacto - Ekip Event\" \/>\n<meta property=\"og:description\" content=\"Contacto Cu\u00e9ntanos tu evento en unas pocas preguntas Encuentre nuestras novedades en Instagram Instagram\" \/>\n<meta property=\"og:url\" content=\"https:\/\/ekipevent.com\/es\/contacto\/\" \/>\n<meta property=\"og:site_name\" content=\"Ekip Event\" \/>\n<meta property=\"article:modified_time\" content=\"2026-03-24T14:53:53+00:00\" \/>\n<meta property=\"og:image\" content=\"https:\/\/ekipevent.com\/wp-content\/uploads\/2025\/09\/Image_Resultats_EkipEvent-1024x577.jpg\" \/>\n<meta name=\"twitter:card\" content=\"summary_large_image\" \/>\n<meta name=\"twitter:image\" content=\"https:\/\/ekipevent.com\/wp-content\/uploads\/2025\/09\/Image_Resultats_EkipEvent-1024x577.jpg\" \/>\n<script type=\"application\/ld+json\" class=\"yoast-schema-graph\">{\"@context\":\"https:\\\/\\\/schema.org\",\"@graph\":[{\"@type\":\"WebPage\",\"@id\":\"https:\\\/\\\/ekipevent.com\\\/es\\\/contacto\\\/\",\"url\":\"https:\\\/\\\/ekipevent.com\\\/es\\\/contacto\\\/\",\"name\":\"Contacto - Ekip Event\",\"isPartOf\":{\"@id\":\"https:\\\/\\\/ekipevent.com\\\/es\\\/#website\"},\"datePublished\":\"2024-10-16T13:44:40+00:00\",\"dateModified\":\"2026-03-24T14:53:53+00:00\",\"breadcrumb\":{\"@id\":\"https:\\\/\\\/ekipevent.com\\\/es\\\/contacto\\\/#breadcrumb\"},\"inLanguage\":\"es\",\"potentialAction\":[{\"@type\":\"ReadAction\",\"target\":[\"https:\\\/\\\/ekipevent.com\\\/es\\\/contacto\\\/\"]}]},{\"@type\":\"BreadcrumbList\",\"@id\":\"https:\\\/\\\/ekipevent.com\\\/es\\\/contacto\\\/#breadcrumb\",\"itemListElement\":[{\"@type\":\"ListItem\",\"position\":1,\"name\":\"Inicio\",\"item\":\"https:\\\/\\\/ekipevent.com\\\/es\\\/\"},{\"@type\":\"ListItem\",\"position\":2,\"name\":\"Contacto\"}]},{\"@type\":\"WebSite\",\"@id\":\"https:\\\/\\\/ekipevent.com\\\/es\\\/#website\",\"url\":\"https:\\\/\\\/ekipevent.com\\\/es\\\/\",\"name\":\"Ekip Event\",\"description\":\"Votre partenaire pour la location de mat\u00e9riel \u00e9v\u00e8nementiel\",\"publisher\":{\"@id\":\"https:\\\/\\\/ekipevent.com\\\/es\\\/#organization\"},\"potentialAction\":[{\"@type\":\"SearchAction\",\"target\":{\"@type\":\"EntryPoint\",\"urlTemplate\":\"https:\\\/\\\/ekipevent.com\\\/es\\\/?s={search_term_string}\"},\"query-input\":{\"@type\":\"PropertyValueSpecification\",\"valueRequired\":true,\"valueName\":\"search_term_string\"}}],\"inLanguage\":\"es\"},{\"@type\":\"Organization\",\"@id\":\"https:\\\/\\\/ekipevent.com\\\/es\\\/#organization\",\"name\":\"Ekip Event\",\"url\":\"https:\\\/\\\/ekipevent.com\\\/es\\\/\",\"logo\":{\"@type\":\"ImageObject\",\"inLanguage\":\"es\",\"@id\":\"https:\\\/\\\/ekipevent.com\\\/es\\\/#\\\/schema\\\/logo\\\/image\\\/\",\"url\":\"https:\\\/\\\/ekipevent.com\\\/wp-content\\\/uploads\\\/2024\\\/10\\\/web_EkipEvent_Logo_classic-1-scaled.webp\",\"contentUrl\":\"https:\\\/\\\/ekipevent.com\\\/wp-content\\\/uploads\\\/2024\\\/10\\\/web_EkipEvent_Logo_classic-1-scaled.webp\",\"width\":2560,\"height\":2560,\"caption\":\"Ekip Event\"},\"image\":{\"@id\":\"https:\\\/\\\/ekipevent.com\\\/es\\\/#\\\/schema\\\/logo\\\/image\\\/\"},\"sameAs\":[\"https:\\\/\\\/www.instagram.com\\\/ekip_event_suisse\\\/\"]}]}<\/script>\n<!-- \/ Yoast SEO plugin. -->","yoast_head_json":{"title":"Contacto - Ekip Event","robots":{"index":"index","follow":"follow","max-snippet":"max-snippet:-1","max-image-preview":"max-image-preview:large","max-video-preview":"max-video-preview:-1"},"canonical":"https:\/\/ekipevent.com\/es\/contacto\/","og_locale":"es_ES","og_type":"article","og_title":"Contacto - Ekip Event","og_description":"Contacto Cu\u00e9ntanos tu evento en unas pocas preguntas Encuentre nuestras novedades en Instagram Instagram","og_url":"https:\/\/ekipevent.com\/es\/contacto\/","og_site_name":"Ekip Event","article_modified_time":"2026-03-24T14:53:53+00:00","og_image":[{"url":"https:\/\/ekipevent.com\/wp-content\/uploads\/2025\/09\/Image_Resultats_EkipEvent-1024x577.jpg","type":"","width":"","height":""}],"twitter_card":"summary_large_image","twitter_image":"https:\/\/ekipevent.com\/wp-content\/uploads\/2025\/09\/Image_Resultats_EkipEvent-1024x577.jpg","schema":{"@context":"https:\/\/schema.org","@graph":[{"@type":"WebPage","@id":"https:\/\/ekipevent.com\/es\/contacto\/","url":"https:\/\/ekipevent.com\/es\/contacto\/","name":"Contacto - Ekip Event","isPartOf":{"@id":"https:\/\/ekipevent.com\/es\/#website"},"datePublished":"2024-10-16T13:44:40+00:00","dateModified":"2026-03-24T14:53:53+00:00","breadcrumb":{"@id":"https:\/\/ekipevent.com\/es\/contacto\/#breadcrumb"},"inLanguage":"es","potentialAction":[{"@type":"ReadAction","target":["https:\/\/ekipevent.com\/es\/contacto\/"]}]},{"@type":"BreadcrumbList","@id":"https:\/\/ekipevent.com\/es\/contacto\/#breadcrumb","itemListElement":[{"@type":"ListItem","position":1,"name":"Inicio","item":"https:\/\/ekipevent.com\/es\/"},{"@type":"ListItem","position":2,"name":"Contacto"}]},{"@type":"WebSite","@id":"https:\/\/ekipevent.com\/es\/#website","url":"https:\/\/ekipevent.com\/es\/","name":"Ekip Event","description":"Votre partenaire pour la location de mat\u00e9riel \u00e9v\u00e8nementiel","publisher":{"@id":"https:\/\/ekipevent.com\/es\/#organization"},"potentialAction":[{"@type":"SearchAction","target":{"@type":"EntryPoint","urlTemplate":"https:\/\/ekipevent.com\/es\/?s={search_term_string}"},"query-input":{"@type":"PropertyValueSpecification","valueRequired":true,"valueName":"search_term_string"}}],"inLanguage":"es"},{"@type":"Organization","@id":"https:\/\/ekipevent.com\/es\/#organization","name":"Ekip Event","url":"https:\/\/ekipevent.com\/es\/","logo":{"@type":"ImageObject","inLanguage":"es","@id":"https:\/\/ekipevent.com\/es\/#\/schema\/logo\/image\/","url":"https:\/\/ekipevent.com\/wp-content\/uploads\/2024\/10\/web_EkipEvent_Logo_classic-1-scaled.webp","contentUrl":"https:\/\/ekipevent.com\/wp-content\/uploads\/2024\/10\/web_EkipEvent_Logo_classic-1-scaled.webp","width":2560,"height":2560,"caption":"Ekip Event"},"image":{"@id":"https:\/\/ekipevent.com\/es\/#\/schema\/logo\/image\/"},"sameAs":["https:\/\/www.instagram.com\/ekip_event_suisse\/"]}]}},"_links":{"self":[{"href":"https:\/\/ekipevent.com\/es\/wp-json\/wp\/v2\/pages\/2883","targetHints":{"allow":["GET"]}}],"collection":[{"href":"https:\/\/ekipevent.com\/es\/wp-json\/wp\/v2\/pages"}],"about":[{"href":"https:\/\/ekipevent.com\/es\/wp-json\/wp\/v2\/types\/page"}],"author":[{"embeddable":true,"href":"https:\/\/ekipevent.com\/es\/wp-json\/wp\/v2\/users\/2"}],"replies":[{"embeddable":true,"href":"https:\/\/ekipevent.com\/es\/wp-json\/wp\/v2\/comments?post=2883"}],"version-history":[{"count":3,"href":"https:\/\/ekipevent.com\/es\/wp-json\/wp\/v2\/pages\/2883\/revisions"}],"predecessor-version":[{"id":3229,"href":"https:\/\/ekipevent.com\/es\/wp-json\/wp\/v2\/pages\/2883\/revisions\/3229"}],"wp:attachment":[{"href":"https:\/\/ekipevent.com\/es\/wp-json\/wp\/v2\/media?parent=2883"}],"curies":[{"name":"wp","href":"https:\/\/api.w.org\/{rel}","templated":true}]}}